{"id":94,"date":"2018-04-14T19:20:26","date_gmt":"2018-04-14T17:20:26","guid":{"rendered":"http:\/\/ar-trading.fr\/?page_id=94"},"modified":"2018-04-20T17:08:32","modified_gmt":"2018-04-20T15:08:32","slug":"decoration","status":"publish","type":"page","link":"https:\/\/ar-trading.fr\/index.php\/decoration\/","title":{"rendered":"D\u00e9corations"},"content":{"rendered":"<p>Notre exp\u00e9rience et expertise des plantes pour la d\u00e9coration et notre <strong>concept<\/strong> <strong>ALL IN ONE <\/strong>(plantes + pots) nous permet de vous offrir des produits cl\u00e9 en main unique et exclusif en <strong>livraison directe<\/strong> chez vous ou chez vos clients.<\/p>\n<p>Nos atouts\u00a0pour vos projets de d\u00e9coration :<\/p>\n<ul>\n<li><u>Des larges Gammes de plantes d\u2019int\u00e9rieur et ext\u00e9rieur <\/u>:<\/li>\n<\/ul>\n<p>Nous avons \u00e0 notre disposition plus de <strong>2800 r\u00e9f\u00e9rences<\/strong> de plantes en stock et environ <strong>7000 r\u00e9f\u00e9rences<\/strong> sur commande en plantes vertes, fleuries, tropicales, topiaires, m\u00e9diterran\u00e9ennes pour l\u2019ext\u00e9rieur et hydroculture.<\/p>\n<ul>\n<li><u>Un large choix de pots\u00a0d\u2019int\u00e9rieur et d\u2019ext\u00e9rieur <\/u>:<\/li>\n<\/ul>\n<p>Fait de nombreux mat\u00e9riaux tel que c\u00e9ramique, m\u00e9tal, synth\u00e9tiques et naturels nous avons environ <strong>10000 r\u00e9f\u00e9rences<\/strong> de pots et accessoires.<\/p>\n<ul>\n<li><u>Des nouveaux concepts \u00ab\u00a0v\u00e9g\u00e9tales\u00a0\u00bb<\/u> :<\/li>\n<\/ul>\n<p>Concept<strong> All IN ONE <\/strong>(plantes + pot)\u00a0: 2 formes de pots, 1 hauteur, 5 coloris laqu\u00e9s au choix et de nombreuses combinaisons possibles plantes et pot. Livraison sur site pr\u00eat \u00e0 pos\u00e9.<\/p>\n<p>Concept<strong> MURS VEGETAUX<\/strong>\u00a0: 6 syst\u00e8mes de murs fixes, mobiles ou sur mesure pour plantes en terre, en hydroculture et en mousses v\u00e9g\u00e9tales ( Bin Fen Green Wall, Next Gen Living Wall, Natural Wall, LivePicture, Mousse Pr\u00e9serv\u00e9e )<\/p>\n<p>Concept <strong>UP 2U<\/strong> : pots r\u00e9versibles pour plantation avec v\u00e9g\u00e9taux cultiv\u00e9es en hydroculture ou en terre.<\/p>\n<ul>\n<li><u>Assortiment complet de <strong>plantes artificielles<\/strong>.<\/u><\/li>\n<\/ul>\n<p><img loading=\"lazy\" decoding=\"async\" class=\"alignnone wp-image-290 size-full\" src=\"http:\/\/ar-trading.fr\/wp-content\/uploads\/2018\/04\/PM-1.jpg\" alt=\"\" width=\"2079\" height=\"6818\" srcset=\"https:\/\/ar-trading.fr\/wp-content\/uploads\/2018\/04\/PM-1.jpg 2079w, https:\/\/ar-trading.fr\/wp-content\/uploads\/2018\/04\/PM-1-768x2519.jpg 768w, https:\/\/ar-trading.fr\/wp-content\/uploads\/2018\/04\/PM-1-312x1024.jpg 312w\" sizes=\"(max-width: 767px) 89vw, (max-width: 1000px) 54vw, (max-width: 1071px) 543px, 580px\" \/><\/p>\n","protected":false},"excerpt":{"rendered":"<p>Notre exp\u00e9rience et expertise des plantes pour la d\u00e9coration et notre concept ALL IN ONE (plantes + pots) nous permet de vous offrir des produits cl\u00e9 en main unique et exclusif en livraison directe chez vous ou chez vos clients. Nos atouts\u00a0pour vos projets de d\u00e9coration : Des larges Gammes de plantes d\u2019int\u00e9rieur et ext\u00e9rieur &hellip; <\/p>\n<p class=\"link-more\"><a href=\"https:\/\/ar-trading.fr\/index.php\/decoration\/\" class=\"more-link\">Continuer la lecture<span class=\"screen-reader-text\"> de &laquo;&nbsp;D\u00e9corations&nbsp;&raquo;<\/span><\/a><\/p>\n","protected":false},"author":1,"featured_media":250,"parent":0,"menu_order":0,"comment_status":"closed","ping_status":"closed","template":"","meta":{"footnotes":""},"_links":{"self":[{"href":"https:\/\/ar-trading.fr\/index.php\/wp-json\/wp\/v2\/pages\/94"}],"collection":[{"href":"https:\/\/ar-trading.fr\/index.php\/wp-json\/wp\/v2\/pages"}],"about":[{"href":"https:\/\/ar-trading.fr\/index.php\/wp-json\/wp\/v2\/types\/page"}],"author":[{"embeddable":true,"href":"https:\/\/ar-trading.fr\/index.php\/wp-json\/wp\/v2\/users\/1"}],"replies":[{"embeddable":true,"href":"https:\/\/ar-trading.fr\/index.php\/wp-json\/wp\/v2\/comments?post=94"}],"version-history":[{"count":15,"href":"https:\/\/ar-trading.fr\/index.php\/wp-json\/wp\/v2\/pages\/94\/revisions"}],"predecessor-version":[{"id":291,"href":"https:\/\/ar-trading.fr\/index.php\/wp-json\/wp\/v2\/pages\/94\/revisions\/291"}],"wp:featuredmedia":[{"embeddable":true,"href":"https:\/\/ar-trading.fr\/index.php\/wp-json\/wp\/v2\/media\/250"}],"wp:attachment":[{"href":"https:\/\/ar-trading.fr\/index.php\/wp-json\/wp\/v2\/media?parent=94"}],"curies":[{"name":"wp","href":"https:\/\/api.w.org\/{rel}","templated":true}]}}