{"id":102,"date":"2018-04-14T18:08:03","date_gmt":"2018-04-14T16:08:03","guid":{"rendered":"http:\/\/ar-trading.fr\/?page_id=102"},"modified":"2018-12-10T16:06:44","modified_gmt":"2018-12-10T15:06:44","slug":"les-plantes-mediterraneennes","status":"publish","type":"page","link":"https:\/\/ar-trading.fr\/index.php\/les-plantes-mediterraneennes\/","title":{"rendered":"Plantes m\u00e9diterran\u00e9ennes\u00a0"},"content":{"rendered":"<p>AR trading s\u2019est sp\u00e9cialis\u00e9e dans la commercialisation des plantes du Bassin m\u00e9diterran\u00e9en et travaille en \u00e9troite collaboration avec une dizaine de p\u00e9pini\u00e8res du sud de l\u2019Europe .<\/p>\n<p>Cela nous permet de vous offrir un choix important de palmiers \/ oliviers \/ arbustes \/plantes \u00e0 fleurs de qualit\u00e9 jardinerie.<\/p>\n<p>Consultez-nous ou envoyez-nous une demande de rappel par notre e-mail, nous vous contacterons dans les plus brefs d\u00e9lais.<\/p>\n<p><img loading=\"lazy\" decoding=\"async\" class=\"alignnone wp-image-312 size-full\" src=\"http:\/\/ar-trading.fr\/wp-content\/uploads\/2018\/04\/PM-2.jpg\" alt=\"\" width=\"2083\" height=\"7143\" srcset=\"https:\/\/ar-trading.fr\/wp-content\/uploads\/2018\/04\/PM-2.jpg 2083w, https:\/\/ar-trading.fr\/wp-content\/uploads\/2018\/04\/PM-2-768x2634.jpg 768w, https:\/\/ar-trading.fr\/wp-content\/uploads\/2018\/04\/PM-2-299x1024.jpg 299w\" sizes=\"(max-width: 767px) 89vw, (max-width: 1000px) 54vw, (max-width: 1071px) 543px, 580px\" \/><\/p>\n","protected":false},"excerpt":{"rendered":"<p>AR trading s\u2019est sp\u00e9cialis\u00e9e dans la commercialisation des plantes du Bassin m\u00e9diterran\u00e9en et travaille en \u00e9troite collaboration avec une dizaine de p\u00e9pini\u00e8res du sud de l\u2019Europe . Cela nous permet de vous offrir un choix important de palmiers \/ oliviers \/ arbustes \/plantes \u00e0 fleurs de qualit\u00e9 jardinerie. Consultez-nous ou envoyez-nous une demande de rappel &hellip; <\/p>\n<p class=\"link-more\"><a href=\"https:\/\/ar-trading.fr\/index.php\/les-plantes-mediterraneennes\/\" class=\"more-link\">Continuer la lecture<span class=\"screen-reader-text\"> de &laquo;&nbsp;Plantes m\u00e9diterran\u00e9ennes\u00a0&nbsp;&raquo;<\/span><\/a><\/p>\n","protected":false},"author":1,"featured_media":251,"parent":0,"menu_order":0,"comment_status":"closed","ping_status":"closed","template":"","meta":{"footnotes":""},"_links":{"self":[{"href":"https:\/\/ar-trading.fr\/index.php\/wp-json\/wp\/v2\/pages\/102"}],"collection":[{"href":"https:\/\/ar-trading.fr\/index.php\/wp-json\/wp\/v2\/pages"}],"about":[{"href":"https:\/\/ar-trading.fr\/index.php\/wp-json\/wp\/v2\/types\/page"}],"author":[{"embeddable":true,"href":"https:\/\/ar-trading.fr\/index.php\/wp-json\/wp\/v2\/users\/1"}],"replies":[{"embeddable":true,"href":"https:\/\/ar-trading.fr\/index.php\/wp-json\/wp\/v2\/comments?post=102"}],"version-history":[{"count":16,"href":"https:\/\/ar-trading.fr\/index.php\/wp-json\/wp\/v2\/pages\/102\/revisions"}],"predecessor-version":[{"id":371,"href":"https:\/\/ar-trading.fr\/index.php\/wp-json\/wp\/v2\/pages\/102\/revisions\/371"}],"wp:featuredmedia":[{"embeddable":true,"href":"https:\/\/ar-trading.fr\/index.php\/wp-json\/wp\/v2\/media\/251"}],"wp:attachment":[{"href":"https:\/\/ar-trading.fr\/index.php\/wp-json\/wp\/v2\/media?parent=102"}],"curies":[{"name":"wp","href":"https:\/\/api.w.org\/{rel}","templated":true}]}}